{"id":21,"date":"2019-02-16T08:59:23","date_gmt":"2019-02-16T08:59:23","guid":{"rendered":"https:\/\/jupiterx.artbees.net\/seo-digital-marketing-agency\/?page_id=21"},"modified":"2020-09-26T20:49:20","modified_gmt":"2020-09-26T20:49:20","slug":"nosotros","status":"publish","type":"page","link":"https:\/\/rotulosydise\u00f1o.es\/home\/nosotros","title":{"rendered":"NOSOTROS"},"content":{"rendered":"\t\t<div data-elementor-type=\"wp-post\" data-elementor-id=\"21\" class=\"elementor elementor-21\" data-elementor-settings=\"[]\">\n\t\t\t\t\t\t<div class=\"elementor-inner\">\n\t\t\t\t\t\t\t<div class=\"elementor-section-wrap\">\n\t\t\t\t\t\t\t<section class=\"elementor-section elementor-top-section elementor-element elementor-element-321caf0 elementor-section-boxed elementor-section-height-default elementor-section-height-default\" data-id=\"321caf0\" data-element_type=\"section\">\n\t\t\t\t\t\t<div class=\"elementor-container elementor-column-gap-default\">\n\t\t\t\t\t\t\t<div class=\"elementor-row\">\n\t\t\t\t\t<div class=\"elementor-column elementor-col-66 elementor-top-column elementor-element elementor-element-2c3e79d\" data-id=\"2c3e79d\" data-element_type=\"column\">\n\t\t\t<div class=\"elementor-column-wrap elementor-element-populated\">\n\t\t\t\t\t\t\t<div class=\"elementor-widget-wrap\">\n\t\t\t\t\t\t<div class=\"elementor-element elementor-element-ad76a08 elementor-widget elementor-widget-image\" data-id=\"ad76a08\" data-element_type=\"widget\" data-widget_type=\"image.default\">\n\t\t\t\t<div class=\"elementor-widget-container\">\n\t\t\t\t\t<div class=\"elementor-image\">\n\t\t\t\t\t\t\t\t\t\t<img width=\"1000\" height=\"664\" src=\"https:\/\/rotulosydise\u00f1o.es\/wp-content\/uploads\/2020\/09\/nosotrosdisen\u0303o.jpg\" class=\"attachment-large size-large\" alt=\"dise\u00f1o rotulos\" loading=\"lazy\" srcset=\"https:\/\/rotulosydise\u00f1o.es\/wp-content\/uploads\/2020\/09\/nosotrosdisen\u0303o.jpg 1000w, https:\/\/rotulosydise\u00f1o.es\/wp-content\/uploads\/2020\/09\/nosotrosdisen\u0303o-300x199.jpg 300w, https:\/\/rotulosydise\u00f1o.es\/wp-content\/uploads\/2020\/09\/nosotrosdisen\u0303o-768x510.jpg 768w\" sizes=\"(max-width: 1000px) 100vw, 1000px\" \/>\t\t\t\t\t\t\t\t\t\t\t<\/div>\n\t\t\t\t<\/div>\n\t\t\t\t<\/div>\n\t\t\t\t\t\t<\/div>\n\t\t\t\t\t<\/div>\n\t\t<\/div>\n\t\t\t\t<div class=\"elementor-column elementor-col-33 elementor-top-column elementor-element elementor-element-c22bc63\" data-id=\"c22bc63\" data-element_type=\"column\">\n\t\t\t<div class=\"elementor-column-wrap elementor-element-populated\">\n\t\t\t\t\t\t\t<div class=\"elementor-widget-wrap\">\n\t\t\t\t\t\t<div class=\"elementor-element elementor-element-8577e0f elementor-mobile-align-center elementor-align-left elementor-widget elementor-widget-raven-heading\" data-id=\"8577e0f\" data-element_type=\"widget\" data-widget_type=\"raven-heading.default\">\n\t\t\t\t<div class=\"elementor-widget-container\">\n\t\t\t\t\t<div class=\"raven-widget-wrapper\"><h1 class=\"raven-heading raven-heading-h1\"><span class=\"raven-heading-title\">R\u00f3tulos y Dise\u00f1o<\/span><\/h1><\/div>\n\t\t\t\t<\/div>\n\t\t\t\t<\/div>\n\t\t\t\t<div class=\"elementor-element elementor-element-02e4ddc elementor-widget elementor-widget-text-editor\" data-id=\"02e4ddc\" data-element_type=\"widget\" data-widget_type=\"text-editor.default\">\n\t\t\t\t<div class=\"elementor-widget-container\">\n\t\t\t\t\t<div class=\"elementor-text-editor elementor-clearfix\"><p><span style=\"color: #143256; font-family: Helvetica; text-align: justify;\">Somos una Empresa dedicada al Dise\u00f1o Gr\u00e1fico,\u00a0 Impresi\u00f3n Digital, Producci\u00f3n e Instalaci\u00f3n, de todo tipo de R\u00f3tulos, Vinilos Adhesivos, L\u00e1minas de Control Solar, L\u00e1minas de\u00a0 Seguridad y Antigraffiti para la industria y el comercio.<\/span><\/p><\/div>\n\t\t\t\t<\/div>\n\t\t\t\t<\/div>\n\t\t\t\t<div class=\"elementor-element elementor-element-20c6627 elementor-widget elementor-widget-image\" data-id=\"20c6627\" data-element_type=\"widget\" data-widget_type=\"image.default\">\n\t\t\t\t<div class=\"elementor-widget-container\">\n\t\t\t\t\t<div class=\"elementor-image\">\n\t\t\t\t\t\t\t\t\t\t<img width=\"1024\" height=\"626\" src=\"https:\/\/rotulosydise\u00f1o.es\/wp-content\/uploads\/2019\/02\/SEO-agency-home-page-1024x626.png\" class=\"attachment-large size-large\" alt=\"\" loading=\"lazy\" srcset=\"https:\/\/rotulosydise\u00f1o.es\/wp-content\/uploads\/2019\/02\/SEO-agency-home-page-1024x626.png 1024w, https:\/\/rotulosydise\u00f1o.es\/wp-content\/uploads\/2019\/02\/SEO-agency-home-page-300x183.png 300w, https:\/\/rotulosydise\u00f1o.es\/wp-content\/uploads\/2019\/02\/SEO-agency-home-page-768x469.png 768w, https:\/\/rotulosydise\u00f1o.es\/wp-content\/uploads\/2019\/02\/SEO-agency-home-page-1536x939.png 1536w, https:\/\/rotulosydise\u00f1o.es\/wp-content\/uploads\/2019\/02\/SEO-agency-home-page.png 1800w\" sizes=\"(max-width: 1024px) 100vw, 1024px\" \/>\t\t\t\t\t\t\t\t\t\t\t<\/div>\n\t\t\t\t<\/div>\n\t\t\t\t<\/div>\n\t\t\t\t\t\t<\/div>\n\t\t\t\t\t<\/div>\n\t\t<\/div>\n\t\t\t\t\t\t\t\t<\/div>\n\t\t\t\t\t<\/div>\n\t\t<\/section>\n\t\t\t\t<section class=\"elementor-section elementor-top-section elementor-element elementor-element-ac37610 elementor-section-boxed elementor-section-height-default elementor-section-height-default\" data-id=\"ac37610\" data-element_type=\"section\">\n\t\t\t\t\t\t<div class=\"elementor-container elementor-column-gap-default\">\n\t\t\t\t\t\t\t<div class=\"elementor-row\">\n\t\t\t\t\t<div class=\"elementor-column elementor-col-50 elementor-top-column elementor-element elementor-element-01f0aa3\" data-id=\"01f0aa3\" data-element_type=\"column\">\n\t\t\t<div class=\"elementor-column-wrap elementor-element-populated\">\n\t\t\t\t\t\t\t<div class=\"elementor-widget-wrap\">\n\t\t\t\t\t\t<div class=\"elementor-element elementor-element-54db41e elementor-widget elementor-widget-text-editor\" data-id=\"54db41e\" data-element_type=\"widget\" data-widget_type=\"text-editor.default\">\n\t\t\t\t<div class=\"elementor-widget-container\">\n\t\t\t\t\t<div class=\"elementor-text-editor elementor-clearfix\"><p><span style=\"color: #143256; font-family: Helvetica; text-align: justify;\">Dise\u00f1amos todo lo que es imaginable, su imagen corporativa, logotipos y as\u00ed viendo c\u00f3mo va a quedar antes de imprimir los proyectos mediante dise\u00f1o por ordenador donde se podr\u00e1 realizar todos los cambios que desee y sin perder el m\u00ednimo detalle del dise\u00f1o y colores. T<\/span><span style=\"color: #143256; font-family: Helvetica; text-align: justify;\">rabajamos con vectores, as\u00ed los acabados siempre tendr\u00e1 la mejor calidad de impresi\u00f3n para todos los tama\u00f1os que necesites imprimir. Contamos con equipos propios de producci\u00f3n y montaje, con experiencia de m\u00e1s de 13 a\u00f1os en el sector. Rotulaci\u00f3n de Motos, Coches, Furgonetas, Autobuses, Flotas de Veh\u00edculos para Particulares, Aut\u00f3nomos y Empresas. R\u00f3tulos Luminosos, R\u00f3tulos Opacos, Corp\u00f3reos, Letras en Relieve, Vallas Publicitarias, Dibond, Roll-Up, Metacrilatos, Lonas, Rotulaci\u00f3n de Cristales \u00a0y Escaparates.<\/span><\/p><\/div>\n\t\t\t\t<\/div>\n\t\t\t\t<\/div>\n\t\t\t\t\t\t<\/div>\n\t\t\t\t\t<\/div>\n\t\t<\/div>\n\t\t\t\t<div class=\"elementor-column elementor-col-50 elementor-top-column elementor-element elementor-element-a520d42\" data-id=\"a520d42\" data-element_type=\"column\">\n\t\t\t<div class=\"elementor-column-wrap elementor-element-populated\">\n\t\t\t\t\t\t\t<div class=\"elementor-widget-wrap\">\n\t\t\t\t\t\t<div class=\"elementor-element elementor-element-63d6c07 elementor-widget elementor-widget-image\" data-id=\"63d6c07\" data-element_type=\"widget\" data-widget_type=\"image.default\">\n\t\t\t\t<div class=\"elementor-widget-container\">\n\t\t\t\t\t<div class=\"elementor-image\">\n\t\t\t\t\t\t\t\t\t\t<img width=\"1000\" height=\"693\" src=\"https:\/\/rotulosydise\u00f1o.es\/wp-content\/uploads\/2020\/09\/nosotoros2.jpg\" class=\"attachment-large size-large\" alt=\"impresi\u00f3n a gran formato\" loading=\"lazy\" srcset=\"https:\/\/rotulosydise\u00f1o.es\/wp-content\/uploads\/2020\/09\/nosotoros2.jpg 1000w, https:\/\/rotulosydise\u00f1o.es\/wp-content\/uploads\/2020\/09\/nosotoros2-300x208.jpg 300w, https:\/\/rotulosydise\u00f1o.es\/wp-content\/uploads\/2020\/09\/nosotoros2-768x532.jpg 768w\" sizes=\"(max-width: 1000px) 100vw, 1000px\" \/>\t\t\t\t\t\t\t\t\t\t\t<\/div>\n\t\t\t\t<\/div>\n\t\t\t\t<\/div>\n\t\t\t\t\t\t<\/div>\n\t\t\t\t\t<\/div>\n\t\t<\/div>\n\t\t\t\t\t\t\t\t<\/div>\n\t\t\t\t\t<\/div>\n\t\t<\/section>\n\t\t\t\t\t\t<\/div>\n\t\t\t\t\t\t<\/div>\n\t\t\t\t\t<\/div>\n\t\t","protected":false},"excerpt":{"rendered":"<p>R\u00f3tulos y Dise\u00f1o Somos una Empresa dedicada al Dise\u00f1o Gr\u00e1fico,&nbsp; Impresi\u00f3n Digital, Producci\u00f3n e Instalaci\u00f3n, de todo tipo de R\u00f3tulos, Vinilos Adhesivos, L\u00e1minas de Control Solar, L\u00e1minas de&nbsp; Seguridad y Antigraffiti para la industria y el comercio. Dise\u00f1amos todo lo que es imaginable, su imagen corporativa, logotipos y as\u00ed viendo c\u00f3mo va a quedar antes [&hellip;]<\/p>\n","protected":false},"author":1,"featured_media":0,"parent":0,"menu_order":0,"comment_status":"closed","ping_status":"closed","template":"","meta":[],"acf":[],"_links":{"self":[{"href":"https:\/\/rotulosydise\u00f1o.es\/home\/wp-json\/wp\/v2\/pages\/21"}],"collection":[{"href":"https:\/\/rotulosydise\u00f1o.es\/home\/wp-json\/wp\/v2\/pages"}],"about":[{"href":"https:\/\/rotulosydise\u00f1o.es\/home\/wp-json\/wp\/v2\/types\/page"}],"author":[{"embeddable":true,"href":"https:\/\/rotulosydise\u00f1o.es\/home\/wp-json\/wp\/v2\/users\/1"}],"replies":[{"embeddable":true,"href":"https:\/\/rotulosydise\u00f1o.es\/home\/wp-json\/wp\/v2\/comments?post=21"}],"version-history":[{"count":35,"href":"https:\/\/rotulosydise\u00f1o.es\/home\/wp-json\/wp\/v2\/pages\/21\/revisions"}],"predecessor-version":[{"id":1131,"href":"https:\/\/rotulosydise\u00f1o.es\/home\/wp-json\/wp\/v2\/pages\/21\/revisions\/1131"}],"wp:attachment":[{"href":"https:\/\/rotulosydise\u00f1o.es\/home\/wp-json\/wp\/v2\/media?parent=21"}],"curies":[{"name":"wp","href":"https:\/\/api.w.org\/{rel}","templated":true}]}}